{"id":218,"date":"2018-10-24T11:05:51","date_gmt":"2018-10-24T08:05:51","guid":{"rendered":"https:\/\/vaarallinenjate.fi\/tunnista-vaarallinen-jate\/"},"modified":"2019-04-10T09:44:52","modified_gmt":"2019-04-10T06:44:52","slug":"tunnista-vaarallinen-jate","status":"publish","type":"page","link":"https:\/\/vaarallinenjate.fi\/sv\/tunnista-vaarallinen-jate\/","title":{"rendered":"K\u00e4nn igen farligt avfall"},"content":{"rendered":"<p>En smart m\u00e4nniska k\u00e4nner l\u00e4tt igen de flesta slagen av farligt avfall, om hon bara funderar lite grann. M\u00e4rkena nedan \u00e4r alltid ett s\u00e4kert tecken p\u00e5 farligt avfall, men det g\u00e4ller ocks\u00e5 att komma ih\u00e5g l\u00e4kemedel, impregnerat tr\u00e4 och n\u00e5gra andra mer \u00f6verraskande avfallsslag. Nedan ges ocks\u00e5 mer information om s\u00e5dana.<\/p>\n","protected":false},"excerpt":{"rendered":"En smart m\u00e4nniska k\u00e4nner l\u00e4tt igen de flesta slagen av farligt avfall, om hon bara funderar lite grann. M\u00e4rkena nedan \u00e4r alltid ett s\u00e4kert tecken p\u00e5 farligt avfall, men det g\u00e4ller ocks\u00e5 att komma ih\u00e5g l\u00e4kemedel, impregnerat tr\u00e4 och n\u00e5gra andra mer \u00f6verraskande avfallsslag. Nedan ges ocks\u00e5 mer information om s\u00e5dana.","protected":false},"author":1,"featured_media":937,"parent":0,"menu_order":0,"comment_status":"closed","ping_status":"closed","template":"template-identify-waste.php","meta":[],"acf":[],"_links":{"self":[{"href":"https:\/\/vaarallinenjate.fi\/sv\/wp-json\/wp\/v2\/pages\/218"}],"collection":[{"href":"https:\/\/vaarallinenjate.fi\/sv\/wp-json\/wp\/v2\/pages"}],"about":[{"href":"https:\/\/vaarallinenjate.fi\/sv\/wp-json\/wp\/v2\/types\/page"}],"author":[{"embeddable":true,"href":"https:\/\/vaarallinenjate.fi\/sv\/wp-json\/wp\/v2\/users\/1"}],"replies":[{"embeddable":true,"href":"https:\/\/vaarallinenjate.fi\/sv\/wp-json\/wp\/v2\/comments?post=218"}],"version-history":[{"count":13,"href":"https:\/\/vaarallinenjate.fi\/sv\/wp-json\/wp\/v2\/pages\/218\/revisions"}],"predecessor-version":[{"id":954,"href":"https:\/\/vaarallinenjate.fi\/sv\/wp-json\/wp\/v2\/pages\/218\/revisions\/954"}],"wp:featuredmedia":[{"embeddable":true,"href":"https:\/\/vaarallinenjate.fi\/sv\/wp-json\/wp\/v2\/media\/937"}],"wp:attachment":[{"href":"https:\/\/vaarallinenjate.fi\/sv\/wp-json\/wp\/v2\/media?parent=218"}],"curies":[{"name":"wp","href":"https:\/\/api.w.org\/{rel}","templated":true}]}}