{"id":240,"date":"2018-10-25T15:04:13","date_gmt":"2018-10-25T12:04:13","guid":{"rendered":"https:\/\/vaarallinenjate.fi\/lajittele\/"},"modified":"2019-04-10T09:45:50","modified_gmt":"2019-04-10T06:45:50","slug":"lajittele-ja-vie-keraykseen","status":"publish","type":"page","link":"https:\/\/vaarallinenjate.fi\/sv\/lajittele-ja-vie-keraykseen\/","title":{"rendered":"Sortera och \u00e5tervinn"},"content":{"rendered":"<p>Farligt avfall upph\u00f6r att vara farligt, d\u00e5 det sorteras och hanteras r\u00e4tt. Det b\u00e4sta \u00e4r \u00e4nd\u00e5 att det inte kostar n\u00e5got att f\u00f6ra farligt avfall till \u00e5tervinningen och med r\u00e4tt hantering kan ocks\u00e5 ditt avfall vara till nytta f\u00f6r oss alla. P\u00e5 denna sida kan du l\u00e4sa mer om r\u00e4tt f\u00f6rvaring av farligt avfall och om insamlingsplatser f\u00f6r olika avfallsslag.<\/p>\n","protected":false},"excerpt":{"rendered":"Farligt avfall upph\u00f6r att vara farligt, d\u00e5 det sorteras och hanteras r\u00e4tt. Det b\u00e4sta \u00e4r \u00e4nd\u00e5 att det inte kostar n\u00e5got att f\u00f6ra farligt avfall till \u00e5tervinningen och med r\u00e4tt hantering kan ocks\u00e5 ditt avfall vara till nytta f\u00f6r oss alla. P\u00e5 denna sida kan du l\u00e4sa mer om r\u00e4tt f\u00f6rvaring av farligt avfall och&#8230; <a class=\"view-article\" href=\"https:\/\/vaarallinenjate.fi\/sv\/lajittele-ja-vie-keraykseen\/\">View Article<\/a>","protected":false},"author":1,"featured_media":942,"parent":0,"menu_order":0,"comment_status":"closed","ping_status":"closed","template":"template-sort-waste.php","meta":[],"acf":[],"_links":{"self":[{"href":"https:\/\/vaarallinenjate.fi\/sv\/wp-json\/wp\/v2\/pages\/240"}],"collection":[{"href":"https:\/\/vaarallinenjate.fi\/sv\/wp-json\/wp\/v2\/pages"}],"about":[{"href":"https:\/\/vaarallinenjate.fi\/sv\/wp-json\/wp\/v2\/types\/page"}],"author":[{"embeddable":true,"href":"https:\/\/vaarallinenjate.fi\/sv\/wp-json\/wp\/v2\/users\/1"}],"replies":[{"embeddable":true,"href":"https:\/\/vaarallinenjate.fi\/sv\/wp-json\/wp\/v2\/comments?post=240"}],"version-history":[{"count":11,"href":"https:\/\/vaarallinenjate.fi\/sv\/wp-json\/wp\/v2\/pages\/240\/revisions"}],"predecessor-version":[{"id":955,"href":"https:\/\/vaarallinenjate.fi\/sv\/wp-json\/wp\/v2\/pages\/240\/revisions\/955"}],"wp:featuredmedia":[{"embeddable":true,"href":"https:\/\/vaarallinenjate.fi\/sv\/wp-json\/wp\/v2\/media\/942"}],"wp:attachment":[{"href":"https:\/\/vaarallinenjate.fi\/sv\/wp-json\/wp\/v2\/media?parent=240"}],"curies":[{"name":"wp","href":"https:\/\/api.w.org\/{rel}","templated":true}]}}