{"id":270,"date":"2018-10-24T11:04:52","date_gmt":"2018-10-24T08:04:52","guid":{"rendered":"https:\/\/vaarallinenjate.fi\/materiaalit\/"},"modified":"2019-02-26T08:50:15","modified_gmt":"2019-02-26T06:50:15","slug":"materiaalit","status":"publish","type":"page","link":"https:\/\/vaarallinenjate.fi\/sv\/materiaalit\/","title":{"rendered":"Material"},"content":{"rendered":"<p><strong>Kampanjatiedotteet:<\/strong><\/p>\n<p><a href=\"https:\/\/vaarallinenjate.fi\/2018\/tiedote-vahenna-vaarallista-jatetta-valinnoillasi\/\">Tiedote (suomi)<\/a><\/p>\n<p><a href=\"https:\/\/vaarallinenjate.fi\/sv\/2019\/saker-atervinning-av-farligt-avfall\/\">Meddelande (svenska)<\/a><\/p>\n<p><strong>Logotiedostot [PDF]:<\/strong><\/p>\n<p><a href=\"https:\/\/vaarallinenjate.fi\/wp-content\/uploads\/2018\/11\/vaarallinen-jate-logo-fi-v1.pdf\">Vaarallinen j\u00e4te<\/a> (suomi)<\/p>\n<p><a href=\"https:\/\/vaarallinenjate.fi\/wp-content\/uploads\/2018\/11\/farligt-avfall-logo-sv-v1.pdf\">Farligt avfall<\/a> (svenska)<\/p>\n<p><strong>Kampanjassa k\u00e4ytett\u00e4v\u00e4 kuvitus [PNG]<br \/>\n<\/strong><\/p>\n<figure id=\"attachment_727\" aria-describedby=\"caption-attachment-727\" style=\"width: 150px\" class=\"wp-caption alignnone\"><a href=\"https:\/\/vaarallinenjate.fi\/wp-content\/uploads\/2018\/11\/puhdistus_liukuvari-150x150.png\"><img decoding=\"async\" loading=\"lazy\" class=\"wp-image-729 size-thumbnail\" src=\"https:\/\/vaarallinenjate.fi\/wp-content\/uploads\/2018\/11\/puhdistus_liukuvari-150x150.png\" alt=\"\" width=\"150\" height=\"150\" srcset=\"https:\/\/vaarallinenjate.fi\/wp-content\/uploads\/2018\/11\/puhdistus_liukuvari-150x150.png 150w, https:\/\/vaarallinenjate.fi\/wp-content\/uploads\/2018\/11\/puhdistus_liukuvari-300x300.png 300w, https:\/\/vaarallinenjate.fi\/wp-content\/uploads\/2018\/11\/puhdistus_liukuvari-768x768.png 768w, https:\/\/vaarallinenjate.fi\/wp-content\/uploads\/2018\/11\/puhdistus_liukuvari-700x700.png 700w, https:\/\/vaarallinenjate.fi\/wp-content\/uploads\/2018\/11\/puhdistus_liukuvari-1000x1000.png 1000w, https:\/\/vaarallinenjate.fi\/wp-content\/uploads\/2018\/11\/puhdistus_liukuvari-350x350.png 350w, https:\/\/vaarallinenjate.fi\/wp-content\/uploads\/2018\/11\/puhdistus_liukuvari.png 1001w\" sizes=\"(max-width: 150px) 100vw, 150px\" \/><\/a><figcaption id=\"caption-attachment-727\" class=\"wp-caption-text\">Vaaralliset j\u00e4tteet ja siivous.<\/figcaption><\/figure>\n<figure id=\"attachment_770\" aria-describedby=\"caption-attachment-770\" style=\"width: 150px\" class=\"wp-caption alignnone\"><a href=\"https:\/\/vaarallinenjate.fi\/wp-content\/uploads\/2018\/11\/harrastukset_liukuvari-150x150.png\"><img decoding=\"async\" loading=\"lazy\" class=\"wp-image-772 size-thumbnail\" src=\"https:\/\/vaarallinenjate.fi\/wp-content\/uploads\/2018\/11\/harrastukset_liukuvari-150x150.png\" alt=\"\" width=\"150\" height=\"150\" srcset=\"https:\/\/vaarallinenjate.fi\/wp-content\/uploads\/2018\/11\/harrastukset_liukuvari-150x150.png 150w, https:\/\/vaarallinenjate.fi\/wp-content\/uploads\/2018\/11\/harrastukset_liukuvari-300x300.png 300w, https:\/\/vaarallinenjate.fi\/wp-content\/uploads\/2018\/11\/harrastukset_liukuvari-768x768.png 768w, https:\/\/vaarallinenjate.fi\/wp-content\/uploads\/2018\/11\/harrastukset_liukuvari-700x700.png 700w, https:\/\/vaarallinenjate.fi\/wp-content\/uploads\/2018\/11\/harrastukset_liukuvari-1000x1000.png 1000w, https:\/\/vaarallinenjate.fi\/wp-content\/uploads\/2018\/11\/harrastukset_liukuvari-350x350.png 350w, https:\/\/vaarallinenjate.fi\/wp-content\/uploads\/2018\/11\/harrastukset_liukuvari.png 1001w\" sizes=\"(max-width: 150px) 100vw, 150px\" \/><\/a><figcaption id=\"caption-attachment-770\" class=\"wp-caption-text\">Vaaralliset j\u00e4tteet ja harrastukset.<\/figcaption><\/figure>\n<figure id=\"attachment_773\" aria-describedby=\"caption-attachment-773\" style=\"width: 150px\" class=\"wp-caption alignnone\"><a href=\"https:\/\/vaarallinenjate.fi\/wp-content\/uploads\/2018\/11\/kosmetiikka_liukuvari-150x150.png\"><img decoding=\"async\" loading=\"lazy\" class=\"wp-image-775 size-thumbnail\" src=\"https:\/\/vaarallinenjate.fi\/wp-content\/uploads\/2018\/11\/kosmetiikka_liukuvari-150x150.png\" alt=\"\" width=\"150\" height=\"150\" srcset=\"https:\/\/vaarallinenjate.fi\/wp-content\/uploads\/2018\/11\/kosmetiikka_liukuvari-150x150.png 150w, https:\/\/vaarallinenjate.fi\/wp-content\/uploads\/2018\/11\/kosmetiikka_liukuvari-300x300.png 300w, https:\/\/vaarallinenjate.fi\/wp-content\/uploads\/2018\/11\/kosmetiikka_liukuvari-768x768.png 768w, https:\/\/vaarallinenjate.fi\/wp-content\/uploads\/2018\/11\/kosmetiikka_liukuvari-700x700.png 700w, https:\/\/vaarallinenjate.fi\/wp-content\/uploads\/2018\/11\/kosmetiikka_liukuvari-1000x1000.png 1000w, https:\/\/vaarallinenjate.fi\/wp-content\/uploads\/2018\/11\/kosmetiikka_liukuvari-350x350.png 350w, https:\/\/vaarallinenjate.fi\/wp-content\/uploads\/2018\/11\/kosmetiikka_liukuvari.png 1001w\" sizes=\"(max-width: 150px) 100vw, 150px\" \/><\/a><figcaption id=\"caption-attachment-773\" class=\"wp-caption-text\">Vaaralliset j\u00e4tteet ja kosmetiikka.<\/figcaption><\/figure>\n<figure id=\"attachment_776\" aria-describedby=\"caption-attachment-776\" style=\"width: 150px\" class=\"wp-caption alignnone\"><a href=\"https:\/\/vaarallinenjate.fi\/wp-content\/uploads\/2018\/11\/remontointi_liukuvari-150x150.png\"><img decoding=\"async\" loading=\"lazy\" class=\"wp-image-778 size-thumbnail\" src=\"https:\/\/vaarallinenjate.fi\/wp-content\/uploads\/2018\/11\/remontointi_liukuvari-150x150.png\" alt=\"\" width=\"150\" height=\"150\" srcset=\"https:\/\/vaarallinenjate.fi\/wp-content\/uploads\/2018\/11\/remontointi_liukuvari-150x150.png 150w, https:\/\/vaarallinenjate.fi\/wp-content\/uploads\/2018\/11\/remontointi_liukuvari-300x300.png 300w, https:\/\/vaarallinenjate.fi\/wp-content\/uploads\/2018\/11\/remontointi_liukuvari-768x768.png 768w, https:\/\/vaarallinenjate.fi\/wp-content\/uploads\/2018\/11\/remontointi_liukuvari-700x700.png 700w, https:\/\/vaarallinenjate.fi\/wp-content\/uploads\/2018\/11\/remontointi_liukuvari-1000x1000.png 1000w, https:\/\/vaarallinenjate.fi\/wp-content\/uploads\/2018\/11\/remontointi_liukuvari-350x350.png 350w, https:\/\/vaarallinenjate.fi\/wp-content\/uploads\/2018\/11\/remontointi_liukuvari.png 1001w\" sizes=\"(max-width: 150px) 100vw, 150px\" \/><\/a><figcaption id=\"caption-attachment-776\" class=\"wp-caption-text\">Vaaralliset j\u00e4tteet ja remontointi.<\/figcaption><\/figure>\n<figure id=\"attachment_779\" aria-describedby=\"caption-attachment-779\" style=\"width: 150px\" class=\"wp-caption alignnone\"><a href=\"https:\/\/vaarallinenjate.fi\/wp-content\/uploads\/2018\/11\/talvikauden_juhlat_liukuvari-150x150.png\"><img decoding=\"async\" loading=\"lazy\" class=\"wp-image-781 size-thumbnail\" src=\"https:\/\/vaarallinenjate.fi\/wp-content\/uploads\/2018\/11\/talvikauden_juhlat_liukuvari-150x150.png\" alt=\"\" width=\"150\" height=\"150\" srcset=\"https:\/\/vaarallinenjate.fi\/wp-content\/uploads\/2018\/11\/talvikauden_juhlat_liukuvari-150x150.png 150w, https:\/\/vaarallinenjate.fi\/wp-content\/uploads\/2018\/11\/talvikauden_juhlat_liukuvari-300x300.png 300w, https:\/\/vaarallinenjate.fi\/wp-content\/uploads\/2018\/11\/talvikauden_juhlat_liukuvari-768x768.png 768w, https:\/\/vaarallinenjate.fi\/wp-content\/uploads\/2018\/11\/talvikauden_juhlat_liukuvari-700x700.png 700w, https:\/\/vaarallinenjate.fi\/wp-content\/uploads\/2018\/11\/talvikauden_juhlat_liukuvari-1000x1000.png 1000w, https:\/\/vaarallinenjate.fi\/wp-content\/uploads\/2018\/11\/talvikauden_juhlat_liukuvari-350x350.png 350w, https:\/\/vaarallinenjate.fi\/wp-content\/uploads\/2018\/11\/talvikauden_juhlat_liukuvari.png 1001w\" sizes=\"(max-width: 150px) 100vw, 150px\" \/><\/a><figcaption id=\"caption-attachment-779\" class=\"wp-caption-text\">Vaaralliset j\u00e4tteet ja talvikauden juhlat.<\/figcaption><\/figure>\n<figure id=\"attachment_767\" aria-describedby=\"caption-attachment-767\" style=\"width: 150px\" class=\"wp-caption alignnone\"><a href=\"https:\/\/vaarallinenjate.fi\/wp-content\/uploads\/2018\/11\/auton_huolto_liukuvari-150x150.png\"><img decoding=\"async\" loading=\"lazy\" class=\"wp-image-769 size-thumbnail\" src=\"https:\/\/vaarallinenjate.fi\/wp-content\/uploads\/2018\/11\/auton_huolto_liukuvari-150x150.png\" alt=\"\" width=\"150\" height=\"150\" srcset=\"https:\/\/vaarallinenjate.fi\/wp-content\/uploads\/2018\/11\/auton_huolto_liukuvari-150x150.png 150w, https:\/\/vaarallinenjate.fi\/wp-content\/uploads\/2018\/11\/auton_huolto_liukuvari-300x300.png 300w, https:\/\/vaarallinenjate.fi\/wp-content\/uploads\/2018\/11\/auton_huolto_liukuvari-768x768.png 768w, https:\/\/vaarallinenjate.fi\/wp-content\/uploads\/2018\/11\/auton_huolto_liukuvari-700x700.png 700w, https:\/\/vaarallinenjate.fi\/wp-content\/uploads\/2018\/11\/auton_huolto_liukuvari-1000x1000.png 1000w, https:\/\/vaarallinenjate.fi\/wp-content\/uploads\/2018\/11\/auton_huolto_liukuvari-350x350.png 350w, https:\/\/vaarallinenjate.fi\/wp-content\/uploads\/2018\/11\/auton_huolto_liukuvari.png 1001w\" sizes=\"(max-width: 150px) 100vw, 150px\" \/><\/a><figcaption id=\"caption-attachment-767\" class=\"wp-caption-text\">Vaaralliset j\u00e4tteet ja auton huolto.<\/figcaption><\/figure>\n<p><strong>Kampanjassa k\u00e4ytett\u00e4v\u00e4 kuvitus [PDF]<br \/>\n<\/strong><\/p>\n<p><a href=\"https:\/\/vaarallinenjate.fi\/wp-content\/uploads\/2018\/11\/puhdistus_liukuvari_pdf.pdf\">Vaaralliset j\u00e4tteet ja siivous [PDF]<\/a><\/p>\n<p><a href=\"https:\/\/vaarallinenjate.fi\/wp-content\/uploads\/2018\/11\/remontointi_liukuvari_pdf.pdf\">Vaaralliset j\u00e4tteet ja remontointi [PDF]<\/a><\/p>\n<p><a href=\"https:\/\/vaarallinenjate.fi\/wp-content\/uploads\/2018\/11\/talvikauden_juhlat_liukuvari_pdf.pdf\">Vaaralliset j\u00e4tteet ja talvikauden juhlat [PDF]<\/a><\/p>\n<p><a href=\"https:\/\/vaarallinenjate.fi\/wp-content\/uploads\/2018\/11\/harrastukset_liukuvari_pdf.pdf\">Vaaralliset j\u00e4tteet ja harrastukset [PDF]<\/a><\/p>\n<p><a href=\"https:\/\/vaarallinenjate.fi\/wp-content\/uploads\/2018\/11\/auton_huolto_liukuvari_pdf.pdf\">Vaaralliset j\u00e4tteet ja auton huolto [PDF]<\/a><\/p>\n<p><a href=\"https:\/\/vaarallinenjate.fi\/wp-content\/uploads\/2018\/11\/kosmetiikka_liukuvari_pdf.pdf\">Vaaralliset j\u00e4tteet ja kosmetiikka [PDF]<\/a><\/p>\n<p>&nbsp;<\/p>\n","protected":false},"excerpt":{"rendered":"Kampanjatiedotteet: Tiedote (suomi) Meddelande (svenska) Logotiedostot [PDF]: Vaarallinen j\u00e4te (suomi) Farligt avfall (svenska) Kampanjassa k\u00e4ytett\u00e4v\u00e4 kuvitus [PNG] Kampanjassa k\u00e4ytett\u00e4v\u00e4 kuvitus [PDF] Vaaralliset j\u00e4tteet ja siivous [PDF] Vaaralliset j\u00e4tteet ja remontointi [PDF] Vaaralliset j\u00e4tteet ja talvikauden juhlat [PDF] Vaaralliset j\u00e4tteet ja harrastukset [PDF] Vaaralliset j\u00e4tteet ja auton huolto [PDF] Vaaralliset j\u00e4tteet ja kosmetiikka [PDF] &nbsp;","protected":false},"author":1,"featured_media":0,"parent":0,"menu_order":0,"comment_status":"closed","ping_status":"closed","template":"","meta":[],"acf":[],"_links":{"self":[{"href":"https:\/\/vaarallinenjate.fi\/sv\/wp-json\/wp\/v2\/pages\/270"}],"collection":[{"href":"https:\/\/vaarallinenjate.fi\/sv\/wp-json\/wp\/v2\/pages"}],"about":[{"href":"https:\/\/vaarallinenjate.fi\/sv\/wp-json\/wp\/v2\/types\/page"}],"author":[{"embeddable":true,"href":"https:\/\/vaarallinenjate.fi\/sv\/wp-json\/wp\/v2\/users\/1"}],"replies":[{"embeddable":true,"href":"https:\/\/vaarallinenjate.fi\/sv\/wp-json\/wp\/v2\/comments?post=270"}],"version-history":[{"count":9,"href":"https:\/\/vaarallinenjate.fi\/sv\/wp-json\/wp\/v2\/pages\/270\/revisions"}],"predecessor-version":[{"id":927,"href":"https:\/\/vaarallinenjate.fi\/sv\/wp-json\/wp\/v2\/pages\/270\/revisions\/927"}],"wp:attachment":[{"href":"https:\/\/vaarallinenjate.fi\/sv\/wp-json\/wp\/v2\/media?parent=270"}],"curies":[{"name":"wp","href":"https:\/\/api.w.org\/{rel}","templated":true}]}}